{"id":727,"date":"2017-02-24T14:10:26","date_gmt":"2017-02-24T20:10:26","guid":{"rendered":"http:\/\/owcia.com\/home\/?page_id=727"},"modified":"2025-07-24T10:02:43","modified_gmt":"2025-07-24T16:02:43","slug":"certificados","status":"publish","type":"page","link":"https:\/\/owcia.com\/home\/certificados\/","title":{"rendered":"Certificados"},"content":{"rendered":"<p>[et_pb_section fb_built=\u00bb1&#8243; fullwidth=\u00bbon\u00bb _builder_version=\u00bb4.16&#8243; _module_preset=\u00bbdefault\u00bb locked=\u00bboff\u00bb global_colors_info=\u00bb{}\u00bb][et_pb_fullwidth_header title=\u00bbCertificados recibidos\u00bb background_overlay_color=\u00bbrgba(0,0,0,0.29)\u00bb _builder_version=\u00bb4.16.1&#8243; _module_preset=\u00bbdefault\u00bb title_font=\u00bb|600|||||||\u00bb title_font_size=\u00bb40px\u00bb content_font_size=\u00bb24px\u00bb content_line_height=\u00bb1.4em\u00bb background_image=\u00bbhttps:\/\/owcia.com\/home\/wp-content\/uploads\/2017\/10\/contactenos-owcia.jpg\u00bb custom_padding=\u00bb100px||100px||true|false\u00bb global_colors_info=\u00bb{}\u00bb]<\/p>\n<p>La agencia aduanal O\u00f1ate, Willy y C\u00eda., S. C. tiene como compromiso el proporcionar un servicio expedito apegado a la legalidad, informando veraz y constantemente el estado de sus embarques, en cumplimiento con los requisitos establecidos, con enfoque en el aumento de la satisfacci\u00f3n del cliente a trav\u00e9s de la tecnolog\u00eda, desarrollo humano y mejora continua de los sistemas de gesti\u00f3n, garantizando la seguridad a trav\u00e9s de la mitigaci\u00f3n de riesgos y buscando siempre rentabilidad en nuestras operaciones; siendo el cliente y su satisfacci\u00f3n nuestro mayor compromiso.<\/p>\n<p>[\/et_pb_fullwidth_header][\/et_pb_section][et_pb_section fb_built=\u00bb1&#8243; custom_padding_last_edited=\u00bbon|desktop\u00bb admin_label=\u00bbsection\u00bb _builder_version=\u00bb4.16&#8243; background_color=\u00bb#ffffff\u00bb custom_padding=\u00bb5px|||\u00bb custom_padding_tablet=\u00bb50px|0|50px|0&#8243; custom_padding_phone=\u00bb\u00bb transparent_background=\u00bboff\u00bb padding_mobile=\u00bboff\u00bb global_colors_info=\u00bb{}\u00bb][et_pb_row admin_label=\u00bbrow\u00bb _builder_version=\u00bb4.16&#8243; background_size=\u00bbinitial\u00bb background_position=\u00bbtop_left\u00bb background_repeat=\u00bbrepeat\u00bb global_colors_info=\u00bb{}\u00bb][et_pb_column type=\u00bb4_4&#8243; _builder_version=\u00bb4.16&#8243; custom_padding=\u00bb|||\u00bb global_colors_info=\u00bb{}\u00bb custom_padding__hover=\u00bb|||\u00bb][et_pb_tabs admin_label=\u00bbPesta\u00f1as\u00bb module_id=\u00bbtabs\u00bb _builder_version=\u00bb4.27.4&#8243; background_size=\u00bbinitial\u00bb background_position=\u00bbtop_left\u00bb background_repeat=\u00bbrepeat\u00bb hover_enabled=\u00bb0&#8243; global_colors_info=\u00bb{}\u00bb sticky_enabled=\u00bb0&#8243;][et_pb_tab title=\u00bbCertificado R-026&#8243; _builder_version=\u00bb4.27.4&#8243; body_font=\u00bb||||\u00bb body_line_height=\u00bb2em\u00bb tab_font=\u00bb||||\u00bb tab_line_height=\u00bb2em\u00bb background_size=\u00bbinitial\u00bb background_position=\u00bbtop_left\u00bb background_repeat=\u00bbrepeat\u00bb hover_enabled=\u00bb0&#8243; body_line_height_tablet=\u00bb2em\u00bb body_line_height_phone=\u00bb2em\u00bb tab_line_height_tablet=\u00bb2em\u00bb tab_line_height_phone=\u00bb2em\u00bb global_colors_info=\u00bb{}\u00bb sticky_enabled=\u00bb0&#8243;]<\/p>\n<a href=\"https:\/\/owcia.com\/home\/wp-content\/uploads\/2025\/07\/Cert-NMX-R026-SCFI-2016-al-2028_rotated.pdf\" class=\"pdfemb-viewer\" style=\"\" data-width=\"max\" data-height=\"max\" data-toolbar=\"top\" data-toolbar-fixed=\"off\">Cert-NMX-R026-SCFI-2016-al-2028_rotated<\/a>\n<p>[\/et_pb_tab][et_pb_tab title=\u00bbCalidad ISO 9001&#8243; _builder_version=\u00bb4.27.4&#8243; body_font=\u00bb||||\u00bb body_line_height=\u00bb2em\u00bb tab_font=\u00bb||||\u00bb tab_line_height=\u00bb2em\u00bb background_size=\u00bbinitial\u00bb background_position=\u00bbtop_left\u00bb background_repeat=\u00bbrepeat\u00bb hover_enabled=\u00bb0&#8243; body_line_height_tablet=\u00bb2em\u00bb body_line_height_phone=\u00bb2em\u00bb tab_line_height_tablet=\u00bb2em\u00bb tab_line_height_phone=\u00bb2em\u00bb global_colors_info=\u00bb{}\u00bb sticky_enabled=\u00bb0&#8243;]<\/p>\n<a href=\"https:\/\/owcia.com\/home\/wp-content\/uploads\/2025\/07\/Cert-ISO-9001-2015-al-2028_rotated.pdf\" class=\"pdfemb-viewer\" style=\"\" data-width=\"max\" data-height=\"max\" data-toolbar=\"top\" data-toolbar-fixed=\"off\">Cert-ISO-9001-2015-al-2028_rotated<\/a>\n<p>[\/et_pb_tab][et_pb_tab title=\u00bbCertificado OEA\u00bb _builder_version=\u00bb4.23&#8243; body_font=\u00bb||||\u00bb body_line_height=\u00bb2em\u00bb tab_font=\u00bb||||\u00bb tab_line_height=\u00bb2em\u00bb background_size=\u00bbinitial\u00bb background_position=\u00bbtop_left\u00bb background_repeat=\u00bbrepeat\u00bb body_line_height_tablet=\u00bb2em\u00bb body_line_height_phone=\u00bb2em\u00bb tab_line_height_tablet=\u00bb2em\u00bb tab_line_height_phone=\u00bb2em\u00bb global_colors_info=\u00bb{}\u00bb]<\/p>\n<a href=\"https:\/\/owcia.com\/home\/wp-content\/uploads\/2024\/08\/certificado_OEA_2024-08-21.pdf\" class=\"pdfemb-viewer\" style=\"\" data-width=\"max\" data-height=\"max\" data-toolbar=\"top\" data-toolbar-fixed=\"off\">certificado_OEA_2024-08-21<\/a>\n<p>[\/et_pb_tab][\/et_pb_tabs][\/et_pb_column][\/et_pb_row][\/et_pb_section]<\/p>\n","protected":false},"excerpt":{"rendered":"<p>La agencia aduanal O\u00f1ate, Willy y C\u00eda., S. C. tiene como compromiso el proporcionar un servicio expedito apegado a la legalidad, informando veraz y constantemente el estado de sus embarques, en cumplimiento con los requisitos establecidos, con enfoque en el aumento de la satisfacci\u00f3n del cliente a trav\u00e9s de la tecnolog\u00eda, desarrollo humano y mejora [&hellip;]<\/p>\n","protected":false},"author":1,"featured_media":0,"parent":0,"menu_order":0,"comment_status":"closed","ping_status":"closed","template":"","meta":{"_et_pb_use_builder":"on","_et_pb_old_content":"","_et_gb_content_width":"","inline_featured_image":false,"_joinchat":[],"footnotes":""},"class_list":["post-727","page","type-page","status-publish","hentry"],"yoast_head":"<!-- This site is optimized with the Yoast SEO plugin v27.4 - https:\/\/yoast.com\/product\/yoast-seo-wordpress\/ -->\n<title>Certificados &#8226; Agencia Aduanal OWCIA<\/title>\n<meta name=\"description\" content=\"Compromiso al proporcionar un servicio expedito apegado a la legalidad, informando veraz y constantemente el estado de sus embarques\" \/>\n<meta name=\"robots\" content=\"index, follow, max-snippet:-1, max-image-preview:large, max-video-preview:-1\" \/>\n<link rel=\"canonical\" href=\"https:\/\/owcia.com\/home\/certificados\/\" \/>\n<meta property=\"og:locale\" content=\"es_ES\" \/>\n<meta property=\"og:type\" content=\"article\" \/>\n<meta property=\"og:title\" content=\"Certificados &#8226; Agencia Aduanal OWCIA\" \/>\n<meta property=\"og:description\" content=\"Compromiso al proporcionar un servicio expedito apegado a la legalidad, informando veraz y constantemente el estado de sus embarques.\" \/>\n<meta property=\"og:url\" content=\"https:\/\/owcia.com\/home\/certificados\/\" \/>\n<meta property=\"og:site_name\" content=\"Agencia Aduanal OWCIA\" \/>\n<meta property=\"article:publisher\" content=\"https:\/\/www.facebook.com\/onatewilly\/\" \/>\n<meta property=\"article:modified_time\" content=\"2025-07-24T16:02:43+00:00\" \/>\n<meta property=\"og:image\" content=\"https:\/\/owcia.com\/home\/wp-content\/uploads\/2021\/08\/servicios-de-gestoria.jpg\" \/>\n\t<meta property=\"og:image:width\" content=\"640\" \/>\n\t<meta property=\"og:image:height\" content=\"427\" \/>\n\t<meta property=\"og:image:type\" content=\"image\/jpeg\" \/>\n<meta name=\"twitter:card\" content=\"summary_large_image\" \/>\n<meta name=\"twitter:site\" content=\"@OWCIAMX\" \/>\n<meta name=\"twitter:label1\" content=\"Tiempo de lectura\" \/>\n\t<meta name=\"twitter:data1\" content=\"2 minutos\" \/>\n<script type=\"application\/ld+json\" class=\"yoast-schema-graph\">{\"@context\":\"https:\\\/\\\/schema.org\",\"@graph\":[{\"@type\":\"WebPage\",\"@id\":\"https:\\\/\\\/owcia.com\\\/home\\\/certificados\\\/\",\"url\":\"https:\\\/\\\/owcia.com\\\/home\\\/certificados\\\/\",\"name\":\"Certificados &#8226; Agencia Aduanal OWCIA\",\"isPartOf\":{\"@id\":\"https:\\\/\\\/owcia.com\\\/home\\\/#website\"},\"datePublished\":\"2017-02-24T20:10:26+00:00\",\"dateModified\":\"2025-07-24T16:02:43+00:00\",\"description\":\"Compromiso al proporcionar un servicio expedito apegado a la legalidad, informando veraz y constantemente el estado de sus embarques\",\"breadcrumb\":{\"@id\":\"https:\\\/\\\/owcia.com\\\/home\\\/certificados\\\/#breadcrumb\"},\"inLanguage\":\"es\",\"potentialAction\":[{\"@type\":\"ReadAction\",\"target\":[\"https:\\\/\\\/owcia.com\\\/home\\\/certificados\\\/\"]}]},{\"@type\":\"BreadcrumbList\",\"@id\":\"https:\\\/\\\/owcia.com\\\/home\\\/certificados\\\/#breadcrumb\",\"itemListElement\":[{\"@type\":\"ListItem\",\"position\":1,\"name\":\"Portada\",\"item\":\"https:\\\/\\\/owcia.com\\\/home\\\/\"},{\"@type\":\"ListItem\",\"position\":2,\"name\":\"Certificados\"}]},{\"@type\":\"WebSite\",\"@id\":\"https:\\\/\\\/owcia.com\\\/home\\\/#website\",\"url\":\"https:\\\/\\\/owcia.com\\\/home\\\/\",\"name\":\"Agencia Aduanal OWCIA\",\"description\":\"\",\"publisher\":{\"@id\":\"https:\\\/\\\/owcia.com\\\/home\\\/#organization\"},\"potentialAction\":[{\"@type\":\"SearchAction\",\"target\":{\"@type\":\"EntryPoint\",\"urlTemplate\":\"https:\\\/\\\/owcia.com\\\/home\\\/?s={search_term_string}\"},\"query-input\":{\"@type\":\"PropertyValueSpecification\",\"valueRequired\":true,\"valueName\":\"search_term_string\"}}],\"inLanguage\":\"es\"},{\"@type\":\"Organization\",\"@id\":\"https:\\\/\\\/owcia.com\\\/home\\\/#organization\",\"name\":\"O\u00f1ate Willy y CIA SC\",\"url\":\"https:\\\/\\\/owcia.com\\\/home\\\/\",\"logo\":{\"@type\":\"ImageObject\",\"inLanguage\":\"es\",\"@id\":\"https:\\\/\\\/owcia.com\\\/home\\\/#\\\/schema\\\/logo\\\/image\\\/\",\"url\":\"https:\\\/\\\/owcia.com\\\/home\\\/wp-content\\\/uploads\\\/2017\\\/10\\\/logo01.png\",\"contentUrl\":\"https:\\\/\\\/owcia.com\\\/home\\\/wp-content\\\/uploads\\\/2017\\\/10\\\/logo01.png\",\"width\":300,\"height\":126,\"caption\":\"O\u00f1ate Willy y CIA SC\"},\"image\":{\"@id\":\"https:\\\/\\\/owcia.com\\\/home\\\/#\\\/schema\\\/logo\\\/image\\\/\"},\"sameAs\":[\"https:\\\/\\\/www.facebook.com\\\/onatewilly\\\/\",\"https:\\\/\\\/x.com\\\/OWCIAMX\",\"https:\\\/\\\/www.instagram.com\\\/owciamx\\\/\",\"https:\\\/\\\/www.linkedin.com\\\/company\\\/owcia\"]}]}<\/script>\n<!-- \/ Yoast SEO plugin. -->","yoast_head_json":{"title":"Certificados &#8226; Agencia Aduanal OWCIA","description":"Compromiso al proporcionar un servicio expedito apegado a la legalidad, informando veraz y constantemente el estado de sus embarques","robots":{"index":"index","follow":"follow","max-snippet":"max-snippet:-1","max-image-preview":"max-image-preview:large","max-video-preview":"max-video-preview:-1"},"canonical":"https:\/\/owcia.com\/home\/certificados\/","og_locale":"es_ES","og_type":"article","og_title":"Certificados &#8226; Agencia Aduanal OWCIA","og_description":"Compromiso al proporcionar un servicio expedito apegado a la legalidad, informando veraz y constantemente el estado de sus embarques.","og_url":"https:\/\/owcia.com\/home\/certificados\/","og_site_name":"Agencia Aduanal OWCIA","article_publisher":"https:\/\/www.facebook.com\/onatewilly\/","article_modified_time":"2025-07-24T16:02:43+00:00","og_image":[{"width":640,"height":427,"url":"https:\/\/owcia.com\/home\/wp-content\/uploads\/2021\/08\/servicios-de-gestoria.jpg","type":"image\/jpeg"}],"twitter_card":"summary_large_image","twitter_site":"@OWCIAMX","twitter_misc":{"Tiempo de lectura":"2 minutos"},"schema":{"@context":"https:\/\/schema.org","@graph":[{"@type":"WebPage","@id":"https:\/\/owcia.com\/home\/certificados\/","url":"https:\/\/owcia.com\/home\/certificados\/","name":"Certificados &#8226; Agencia Aduanal OWCIA","isPartOf":{"@id":"https:\/\/owcia.com\/home\/#website"},"datePublished":"2017-02-24T20:10:26+00:00","dateModified":"2025-07-24T16:02:43+00:00","description":"Compromiso al proporcionar un servicio expedito apegado a la legalidad, informando veraz y constantemente el estado de sus embarques","breadcrumb":{"@id":"https:\/\/owcia.com\/home\/certificados\/#breadcrumb"},"inLanguage":"es","potentialAction":[{"@type":"ReadAction","target":["https:\/\/owcia.com\/home\/certificados\/"]}]},{"@type":"BreadcrumbList","@id":"https:\/\/owcia.com\/home\/certificados\/#breadcrumb","itemListElement":[{"@type":"ListItem","position":1,"name":"Portada","item":"https:\/\/owcia.com\/home\/"},{"@type":"ListItem","position":2,"name":"Certificados"}]},{"@type":"WebSite","@id":"https:\/\/owcia.com\/home\/#website","url":"https:\/\/owcia.com\/home\/","name":"Agencia Aduanal OWCIA","description":"","publisher":{"@id":"https:\/\/owcia.com\/home\/#organization"},"potentialAction":[{"@type":"SearchAction","target":{"@type":"EntryPoint","urlTemplate":"https:\/\/owcia.com\/home\/?s={search_term_string}"},"query-input":{"@type":"PropertyValueSpecification","valueRequired":true,"valueName":"search_term_string"}}],"inLanguage":"es"},{"@type":"Organization","@id":"https:\/\/owcia.com\/home\/#organization","name":"O\u00f1ate Willy y CIA SC","url":"https:\/\/owcia.com\/home\/","logo":{"@type":"ImageObject","inLanguage":"es","@id":"https:\/\/owcia.com\/home\/#\/schema\/logo\/image\/","url":"https:\/\/owcia.com\/home\/wp-content\/uploads\/2017\/10\/logo01.png","contentUrl":"https:\/\/owcia.com\/home\/wp-content\/uploads\/2017\/10\/logo01.png","width":300,"height":126,"caption":"O\u00f1ate Willy y CIA SC"},"image":{"@id":"https:\/\/owcia.com\/home\/#\/schema\/logo\/image\/"},"sameAs":["https:\/\/www.facebook.com\/onatewilly\/","https:\/\/x.com\/OWCIAMX","https:\/\/www.instagram.com\/owciamx\/","https:\/\/www.linkedin.com\/company\/owcia"]}]}},"_links":{"self":[{"href":"https:\/\/owcia.com\/home\/wp-json\/wp\/v2\/pages\/727","targetHints":{"allow":["GET"]}}],"collection":[{"href":"https:\/\/owcia.com\/home\/wp-json\/wp\/v2\/pages"}],"about":[{"href":"https:\/\/owcia.com\/home\/wp-json\/wp\/v2\/types\/page"}],"author":[{"embeddable":true,"href":"https:\/\/owcia.com\/home\/wp-json\/wp\/v2\/users\/1"}],"replies":[{"embeddable":true,"href":"https:\/\/owcia.com\/home\/wp-json\/wp\/v2\/comments?post=727"}],"version-history":[{"count":0,"href":"https:\/\/owcia.com\/home\/wp-json\/wp\/v2\/pages\/727\/revisions"}],"wp:attachment":[{"href":"https:\/\/owcia.com\/home\/wp-json\/wp\/v2\/media?parent=727"}],"curies":[{"name":"wp","href":"https:\/\/api.w.org\/{rel}","templated":true}]}}